
{"id":826,"date":"2020-02-10T11:41:09","date_gmt":"2020-02-10T11:41:09","guid":{"rendered":"https:\/\/test.aibe.lt\/?page_id=826"},"modified":"2021-01-06T15:21:48","modified_gmt":"2021-01-06T13:21:48","slug":"pagalba","status":"publish","type":"page","link":"https:\/\/test.aibe.lv\/lt\/pagalba\/","title":{"rendered":"SUSISIEKITE"},"content":{"rendered":"","protected":false},"excerpt":{"rendered":"","protected":false},"author":1,"featured_media":0,"parent":0,"menu_order":0,"comment_status":"closed","ping_status":"closed","template":"template-help.php","meta":[],"acf":[],"yoast_head":"<!-- This site is optimized with the Yoast SEO plugin v15.5 - https:\/\/yoast.com\/wordpress\/plugins\/seo\/ -->\n<title>SUSISIEKITE | AIB\u0116<\/title>\n<meta name=\"description\" content=\"Did\u017eiausias parduotuvi\u0173 skai\u010diumi Lietuvoje ir Latvijoje prekybos \u012fmoni\u0173 aljansas AIB\u0116, vienija daugiau nei 1400 parduotuvi\u0173 Lietuvoje ir Latvijoje.\" \/>\n<meta name=\"robots\" content=\"noindex, follow, max-snippet:-1, max-image-preview:large, max-video-preview:-1\" \/>\n<meta property=\"og:locale\" content=\"lt_LT\" \/>\n<meta property=\"og:type\" content=\"article\" \/>\n<meta property=\"og:title\" content=\"SUSISIEKITE | AIB\u0116\" \/>\n<meta property=\"og:description\" content=\"Did\u017eiausias parduotuvi\u0173 skai\u010diumi Lietuvoje ir Latvijoje prekybos \u012fmoni\u0173 aljansas AIB\u0116, vienija daugiau nei 1400 parduotuvi\u0173 Lietuvoje ir Latvijoje.\" \/>\n<meta property=\"og:url\" content=\"https:\/\/test.aibe.lv\/pagalba\/\" \/>\n<meta property=\"og:site_name\" content=\"AIB\u0116\" \/>\n<meta property=\"article:modified_time\" content=\"2021-01-06T13:21:48+00:00\" \/>\n<meta name=\"twitter:card\" content=\"summary_large_image\" \/>\n<script type=\"application\/ld+json\" class=\"yoast-schema-graph\">{\"@context\":\"https:\/\/schema.org\",\"@graph\":[{\"@type\":\"WebSite\",\"@id\":\"https:\/\/test.aibe.lv\/#website\",\"url\":\"https:\/\/test.aibe.lv\/\",\"name\":\"AIB\\u0116\",\"description\":\"J\\u016bs\\u0173 kaimynai!\",\"potentialAction\":[{\"@type\":\"SearchAction\",\"target\":\"https:\/\/test.aibe.lv\/?s={search_term_string}\",\"query-input\":\"required name=search_term_string\"}],\"inLanguage\":\"lt-LT\"},{\"@type\":\"WebPage\",\"@id\":\"https:\/\/test.aibe.lv\/pagalba\/#webpage\",\"url\":\"https:\/\/test.aibe.lv\/pagalba\/\",\"name\":\"SUSISIEKITE | AIB\\u0116\",\"isPartOf\":{\"@id\":\"https:\/\/test.aibe.lv\/#website\"},\"datePublished\":\"2020-02-10T11:41:09+00:00\",\"dateModified\":\"2021-01-06T13:21:48+00:00\",\"description\":\"Did\\u017eiausias parduotuvi\\u0173 skai\\u010diumi Lietuvoje ir Latvijoje prekybos \\u012fmoni\\u0173 aljansas AIB\\u0116, vienija daugiau nei 1400 parduotuvi\\u0173 Lietuvoje ir Latvijoje.\",\"inLanguage\":\"lt-LT\",\"potentialAction\":[{\"@type\":\"ReadAction\",\"target\":[\"https:\/\/test.aibe.lv\/pagalba\/\"]}]}]}<\/script>\n<!-- \/ Yoast SEO plugin. -->","_links":{"self":[{"href":"https:\/\/test.aibe.lv\/lt\/wp-json\/wp\/v2\/pages\/826"}],"collection":[{"href":"https:\/\/test.aibe.lv\/lt\/wp-json\/wp\/v2\/pages"}],"about":[{"href":"https:\/\/test.aibe.lv\/lt\/wp-json\/wp\/v2\/types\/page"}],"author":[{"embeddable":true,"href":"https:\/\/test.aibe.lv\/lt\/wp-json\/wp\/v2\/users\/1"}],"replies":[{"embeddable":true,"href":"https:\/\/test.aibe.lv\/lt\/wp-json\/wp\/v2\/comments?post=826"}],"version-history":[{"count":0,"href":"https:\/\/test.aibe.lv\/lt\/wp-json\/wp\/v2\/pages\/826\/revisions"}],"wp:attachment":[{"href":"https:\/\/test.aibe.lv\/lt\/wp-json\/wp\/v2\/media?parent=826"}],"curies":[{"name":"wp","href":"https:\/\/api.w.org\/{rel}","templated":true}]}}