
{"id":25583,"date":"2021-11-10T13:50:12","date_gmt":"2021-11-10T11:50:12","guid":{"rendered":"https:\/\/aibe.lt\/?page_id=25583"},"modified":"2021-11-10T15:54:36","modified_gmt":"2021-11-10T13:54:36","slug":"zaidimu-ir-ar-konkursu-privatumo-politika","status":"publish","type":"page","link":"https:\/\/test.aibe.lv\/lt\/zaidimu-ir-ar-konkursu-privatumo-politika\/","title":{"rendered":"\u017daidim\u0173 ir\/ar konkurs\u0173 privatumo politika"},"content":{"rendered":"<ol>\n<li><strong> Bendrosios nuostatos, asmens duomen\u0173 tvarkymo tikslai<\/strong><\/li>\n<\/ol>\n<p>1.1. Aljansas AIB\u0116, UAB (toliau \u2013 \u201eBendrov\u0117\u201c) organizuojam\u0173 \u017eaidim\u0173 ir\/ar konkurs\u0173 dalyvi\u0173 duomenys yra tvarkomi siekiant administruoti vykdomus \u017eaidimus ir\/ar konkursus.<\/p>\n<p>1.2. \u017daidim\u0173 ir\/ar konkurs\u0173 dalyvis nor\u0117damas dalyvauti \u017eaidime ir\/ar konkurse, privalo Bendrovei pateikti savo asmens duomenis. \u012eteikiant priz\u0105, bus patikrinama \u017eaidimo ir\/ar konkurso dalyvio tapatyb\u0117.<\/p>\n<p>1.3. \u017daidim\u0173 ir\/ar konkurs\u0173 dalyvis dalyvaudamas (t.y. pateikdamas registracij\u0105 ir\/ar registruodamasis \u017eaidime ir\/ar konkurse), \u017eaidime ir\/ar konkurse patvirtina, kad sutinka su \u0161ia \u017daidim\u0173 ir\/ar konkurs\u0173 privatumo politika (toliau \u2013 \u201ePrivatumo politika\u201c) ir kad Bendrov\u0117 gali tvarkyti jo duomenis \u017eaidimo ir\/ar konkurso organizavimo tikslais.<\/p>\n<p>1.4. \u017daidim\u0173 ir\/ar konkurs\u0173 dalyvi\u0173 asmens duomenis tvarkomi tikslu, kad Bendrov\u0117 gal\u0117t\u0173 identifikuoti bei paskelbti laim\u0117toj\u0105 ir \u012fteikti prizus. Duomenys tvarkomi siekiant u\u017etikrinti tinkam\u0105 \u017eaidimo ir\/ar konkurso \u012fgyvendinim\u0105, priz\u0173 laim\u0117toj\u0173 nustatym\u0105 ir priz\u0173 \u012fteikim\u0105.<\/p>\n<ol start=\"2\">\n<li><strong> Tvarkomi asmens duomenys<\/strong><\/li>\n<\/ol>\n<p>2.1. Asmens duomenys \u2013 tai bet kokia su \u017eaidimo ir\/ar konkurso dalyviu susijusi informacija (pvz. vardas, pavard\u0117, kontaktiniai duomenys, lojalumo kortel\u0117s numeris), kuri leid\u017eia Bendrovei identifikuoti dalyv\u012f.<\/p>\n<ol start=\"3\">\n<li><strong> Asmens duomen\u0173 saugojimo terminas<\/strong><\/li>\n<\/ol>\n<p>3.1. Bendrov\u0117 organizuojam\u0173 \u017eaidim\u0173 ir\/ar konkurs\u0173 dalyvi\u0173 asmens duomenis saugo ne ilgiau kaip 20 (dvide\u0161imt) kalendorini\u0173 dien\u0173 po to, kai pasibaigia terminas apsk\u0173sti \u017eaidimus ir\/ar konkursus. Asmens duomenys gali b\u016bti saugomi ilgiau, jei buvo gautas skundas d\u0117l \u017eaidim\u0173 ir\/ar konkurs\u0173. Tokiu atveju asmens duomenys bus saugomi tol, kol bus i\u0161spr\u0119stas skundas.<\/p>\n<p>3.2.\u00a0 Jeigu \u017eaidimo ir\/ar konkurso laim\u0117jimo atveju tarp Bendrov\u0117s bei \u017eaidimo ir\/ar konkurso dalyvio buvo pasira\u0161ytas prizo perdavimo-pri\u0117mimo aktas, jame esantys asmens duomenys bus saugomi 10 met\u0173.<\/p>\n<ol start=\"4\">\n<li><strong> \u0160altiniai, i\u0161 kuri\u0173 Bendrov\u0117 renka kandidat\u0173 duomenis<\/strong><\/li>\n<\/ol>\n<p>4.1. Bendrov\u0117 renka tuos asmens duomenis, kuriuos \u017eaidimo ir\/ar konkurso dalyvis pateik\u0117 Bendrovei, pavyzd\u017eiui, teikdamas parai\u0161k\u0105 dalyvauti \u017eaidime ir\/ar konkurse arba pareikdamas savo sutikim\u0105 socialini\u0173 tinkl\u0173 komentaruose, prane\u0161imuose ir pan.<\/p>\n<ol start=\"5\">\n<li><strong> Teritorijos, kuriose tvarkome \u017eaidim\u0173 ir\/ar konkurs\u0173 dalyvi\u0173 asmens duomenis<\/strong><\/li>\n<\/ol>\n<p>5.1. Bendrov\u0117s organizuojam\u0173 \u017eaidim\u0173 ir\/ar konkurs\u0173 dalyvi\u0173 asmens duomenys tvarkome tik Europos S\u0105jungos teritorijoje.<\/p>\n<ol start=\"6\">\n<li><strong>Dalijimasis asmens duomenimis<\/strong><\/li>\n<\/ol>\n<p>6.1. Bendrov\u0117, nor\u0117dama \u012fvykdyti savo \u012fsipareigojimus \u017eaidimo ir\/ar konkurso dalyviams, dalinasi gautais dalyvi\u0173 asmens duomenimis su \u012fmon\u0117mis, kurios Bendrovei teikia priz\u0173 administravimo ir kitas susijusias paslaugas.<\/p>\n<p>6.2. Vadovaujantis galiojan\u010diais teis\u0117s aktais, gavus pra\u0161ym\u0105, Bendrov\u0117 gali perduoti \u017eaidim\u0173 ir\/ar konkurs\u0173 dalyvi\u0173 asmens duomenis teis\u0117saugos institucijoms, valstyb\u0117s ir savivaldybi\u0173 institucijoms.<\/p>\n<p>6.3. Tuo atveju, jei \u017eaidimo ir\/ar konkurso dalyvis tampa laim\u0117toju, Bendrov\u0117 jo asmens duomenis gali paskelbti Bendrov\u0117s administruojamose platformose (interneto svetain\u0117je, socialiniuose tinkluose).<\/p>\n<p>6.4. Tuo atveju, kai \u017eaidimas ir\/ar konkursas yra organizuojamas Bendrov\u0117s tiek\u0117jo, \u017eaidimo ir\/ar konkurso dalyvio asmens duomenis Bendrov\u0117 gali perduoti tiek\u0117jui.<\/p>\n<ol start=\"7\">\n<li><strong> \u017daidim\u0173 ir\/ar konkurs\u0173 dalyvi\u0173 teis\u0117s<\/strong><\/li>\n<\/ol>\n<p>7.1. Teis\u0117 susipa\u017einti su tvarkomais\u00a0\u017eaidim\u0173 ir\/ar konkurs\u0173 dalyvio\u00a0asmens duomenimis.<\/p>\n<p>Su tvarkomais asmens duomenimis susipa\u017einti galima \u0161iais b\u016bdais:<\/p>\n<p>\u2013 atsiun\u010diant laisvos formos pra\u0161ym\u0105 elektroniniu pa\u0161tu:\u00a0<a href=\"mailto:privatumas@aibe.lt\">privatumas@aibe.lt<\/a>;<\/p>\n<p>7.2. Pasteb\u0117jus, kad asmens duomenys yra netiksl\u016bs ar nei\u0161sam\u016bs, \u017eaidim\u0173 ir\/ar konkurs\u0173 dalyvis\u00a0turi teis\u0119 pakeisti ar patikslinti\u00a0tvarkomus asmens duomenis\u00a0\u0161iais b\u016bdais:<\/p>\n<p>\u2013 atsiun\u010diant laisvos formos pra\u0161ym\u0105 elektroniniu pa\u0161tu:\u00a0<a href=\"mailto:privatumas@aibe.lt\">privatumas@aibe.lt<\/a>;<\/p>\n<p>7.3. \u017daidim\u0173 ir\/ar konkurs\u0173 dalyvis\u00a0turi teis\u0119 pra\u0161yti, kad jo asmens duomenys nebeb\u016bt\u0173 tvarkomi ir kad jie b\u016bt\u0173 panaikinti\u00a0\u0161iais b\u016bdais:<\/p>\n<p>\u2013 atsiun\u010diant laisvos formos pra\u0161ym\u0105 elektroniniu pa\u0161tu:\u00a0<a href=\"mailto:privatumas@aibe.lt\">privatumas@aibe.lt<\/a>;<\/p>\n<p>7.4. \u017daidim\u0173 ir\/ar konkurs\u0173 dalyvis\u00a0turi teis\u0119 apriboti galimyb\u0119 tvarkyti jo asmens duomenis. Apribojus asmens duomen\u0173 tvarkym\u0105 su \u017eaidim\u0173 ir\/ar konkurs\u0173 dalyvio asmens duomenimis nebebus atliekami jokie veiksmai, i\u0161skyrus asmens duomen\u0173 saugojim\u0105. Apriboti asmens duomen\u0173 tvarkym\u0105 galima \u0161iais b\u016bdais:<\/p>\n<p>\u2013 atsiun\u010diant laisvos formos pra\u0161ym\u0105 elektroniniu pa\u0161tu:\u00a0<a href=\"mailto:privatumas@aibe.lt\">privatumas@aibe.lt<\/a>;<\/p>\n<p>7.5. \u017daidim\u0173 ir\/ar konkurs\u0173 dalyvis turi teis\u0119 bet kuriuo metu at\u0161aukti savo sutikim\u0105 d\u0117l jo asmens duomen\u0173 tvarkymo\u00a0\u0161iais b\u016bdais:<\/p>\n<p>\u2013 atsiun\u010diant laisvos formos pra\u0161ym\u0105 elektroniniu pa\u0161tu:\u00a0<a href=\"mailto:privatumas@aibe.lt\">privatumas@aibe.lt<\/a>;<\/p>\n<p>7.6. \u017daidim\u0173 ir\/ar konkurs\u0173 dalyvis turi teis\u0119 gauti ar perduoti savo asmens duomenis kitam duomen\u0173 valdytojui (\u201eduomen\u0173 perk\u0117limas\u201c). \u0160i teis\u0117 apima tik tuos duomenis, kuriuos \u017eaidim\u0173 ir\/ar konkurs\u0173 dalyvis buvo pateik\u0119s ir kai duomen\u0173 tvarkymas vykdomas taikant automatizuotas priemones. Min\u0117ta teis\u0117 \u012fgyvendinama informuojant \u0161iais b\u016bdais:<\/p>\n<p>\u2013 atsiun\u010diant laisvos formos pra\u0161ym\u0105 elektroniniu pa\u0161tu:\u00a0<a href=\"mailto:privatumas@aibe.lt\">privatumas@aibe.lt<\/a>;<\/p>\n<p>Bendrov\u0117s kontaktiniai duomenys:<\/p>\n<p><strong>Aljansas AIB\u0116, UAB <\/strong><\/p>\n<ol>\n<li>Zamenhofo g. 5, LT-06332 Vilnius<\/li>\n<\/ol>\n<p>\u012emon\u0117s kodas 302426208<\/p>\n<p>Tel. 8 (5) 2686 686<\/p>\n<p>El. pa\u0161tas:\u00a0<a href=\"mailto:aibe@aibe.lt\">aibe@aibe.lt<\/a><\/p>\n<ol start=\"8\">\n<li><strong> Privatumo politikos galiojimas ir taikymas<\/strong><\/li>\n<\/ol>\n<p>8.1. \u0160i Privatumo politika \u012fsigalioja nuo 2018 m. gegu\u017e\u0117s 24 d. Jei Privatumo politika bus pakeista, atnaujinta, jos versija bus paskelbta tinklalapyje: <a href=\"http:\/\/www.aibe.lt\">www.aibe.lt<\/a>.<\/p>\n<p>&nbsp;<\/p>\n<p>&nbsp;<\/p>\n","protected":false},"excerpt":{"rendered":"<p>Bendrosios nuostatos, asmens duomen\u0173 tvarkymo tikslai 1.1. Aljansas AIB\u0116, UAB (toliau \u2013 \u201eBendrov\u0117\u201c) organizuojam\u0173 \u017eaidim\u0173 ir\/ar konkurs\u0173 dalyvi\u0173 duomenys yra tvarkomi siekiant administruoti vykdomus \u017eaidimus ir\/ar konkursus. 1.2. \u017daidim\u0173 ir\/ar konkurs\u0173 dalyvis nor\u0117damas dalyvauti \u017eaidime ir\/ar konkurse, privalo Bendrovei pateikti savo asmens duomenis. \u012eteikiant priz\u0105, bus patikrinama \u017eaidimo ir\/ar konkurso dalyvio tapatyb\u0117. 1.3. \u017daidim\u0173 ir\/ar [&hellip;]<\/p>\n","protected":false},"author":11,"featured_media":0,"parent":0,"menu_order":0,"comment_status":"closed","ping_status":"closed","template":"template-privacy-policy.php","meta":[],"acf":[],"yoast_head":"<!-- This site is optimized with the Yoast SEO plugin v15.5 - https:\/\/yoast.com\/wordpress\/plugins\/seo\/ -->\n<title>\u017daidim\u0173 ir\/ar konkurs\u0173 privatumo politika | AIB\u0116<\/title>\n<meta name=\"description\" content=\"Did\u017eiausias parduotuvi\u0173 skai\u010diumi Lietuvoje ir Latvijoje prekybos \u012fmoni\u0173 aljansas AIB\u0116, vienija daugiau nei 1400 parduotuvi\u0173 Lietuvoje ir Latvijoje.\" \/>\n<meta name=\"robots\" content=\"noindex, follow, max-snippet:-1, max-image-preview:large, max-video-preview:-1\" \/>\n<meta property=\"og:locale\" content=\"lt_LT\" \/>\n<meta property=\"og:type\" content=\"article\" \/>\n<meta property=\"og:title\" content=\"\u017daidim\u0173 ir\/ar konkurs\u0173 privatumo politika | AIB\u0116\" \/>\n<meta property=\"og:description\" content=\"Did\u017eiausias parduotuvi\u0173 skai\u010diumi Lietuvoje ir Latvijoje prekybos \u012fmoni\u0173 aljansas AIB\u0116, vienija daugiau nei 1400 parduotuvi\u0173 Lietuvoje ir Latvijoje.\" \/>\n<meta property=\"og:url\" content=\"https:\/\/test.aibe.lv\/lt\/zaidimu-ir-ar-konkursu-privatumo-politika\/\" \/>\n<meta property=\"og:site_name\" content=\"AIB\u0116\" \/>\n<meta property=\"article:modified_time\" content=\"2021-11-10T13:54:36+00:00\" \/>\n<meta name=\"twitter:card\" content=\"summary_large_image\" \/>\n<meta name=\"twitter:label1\" content=\"Est. reading time\">\n\t<meta name=\"twitter:data1\" content=\"3 minut\u0117s\">\n<script type=\"application\/ld+json\" class=\"yoast-schema-graph\">{\"@context\":\"https:\/\/schema.org\",\"@graph\":[{\"@type\":\"WebSite\",\"@id\":\"https:\/\/test.aibe.lv\/#website\",\"url\":\"https:\/\/test.aibe.lv\/\",\"name\":\"AIB\\u0116\",\"description\":\"J\\u016bs\\u0173 kaimynai!\",\"potentialAction\":[{\"@type\":\"SearchAction\",\"target\":\"https:\/\/test.aibe.lv\/?s={search_term_string}\",\"query-input\":\"required name=search_term_string\"}],\"inLanguage\":\"lt-LT\"},{\"@type\":\"WebPage\",\"@id\":\"https:\/\/test.aibe.lv\/lt\/zaidimu-ir-ar-konkursu-privatumo-politika\/#webpage\",\"url\":\"https:\/\/test.aibe.lv\/lt\/zaidimu-ir-ar-konkursu-privatumo-politika\/\",\"name\":\"\\u017daidim\\u0173 ir\/ar konkurs\\u0173 privatumo politika | AIB\\u0116\",\"isPartOf\":{\"@id\":\"https:\/\/test.aibe.lv\/#website\"},\"datePublished\":\"2021-11-10T11:50:12+00:00\",\"dateModified\":\"2021-11-10T13:54:36+00:00\",\"description\":\"Did\\u017eiausias parduotuvi\\u0173 skai\\u010diumi Lietuvoje ir Latvijoje prekybos \\u012fmoni\\u0173 aljansas AIB\\u0116, vienija daugiau nei 1400 parduotuvi\\u0173 Lietuvoje ir Latvijoje.\",\"inLanguage\":\"lt-LT\",\"potentialAction\":[{\"@type\":\"ReadAction\",\"target\":[\"https:\/\/test.aibe.lv\/lt\/zaidimu-ir-ar-konkursu-privatumo-politika\/\"]}]}]}<\/script>\n<!-- \/ Yoast SEO plugin. -->","_links":{"self":[{"href":"https:\/\/test.aibe.lv\/lt\/wp-json\/wp\/v2\/pages\/25583"}],"collection":[{"href":"https:\/\/test.aibe.lv\/lt\/wp-json\/wp\/v2\/pages"}],"about":[{"href":"https:\/\/test.aibe.lv\/lt\/wp-json\/wp\/v2\/types\/page"}],"author":[{"embeddable":true,"href":"https:\/\/test.aibe.lv\/lt\/wp-json\/wp\/v2\/users\/11"}],"replies":[{"embeddable":true,"href":"https:\/\/test.aibe.lv\/lt\/wp-json\/wp\/v2\/comments?post=25583"}],"version-history":[{"count":0,"href":"https:\/\/test.aibe.lv\/lt\/wp-json\/wp\/v2\/pages\/25583\/revisions"}],"wp:attachment":[{"href":"https:\/\/test.aibe.lv\/lt\/wp-json\/wp\/v2\/media?parent=25583"}],"curies":[{"name":"wp","href":"https:\/\/api.w.org\/{rel}","templated":true}]}}